{"id":1118,"date":"2021-01-25T22:02:11","date_gmt":"2021-01-25T22:02:11","guid":{"rendered":"https:\/\/www.cecal.net\/inicio\/?page_id=1118"},"modified":"2021-01-27T18:38:26","modified_gmt":"2021-01-27T18:38:26","slug":"cours-de-formation-continue","status":"publish","type":"page","link":"https:\/\/www.cecal.net\/inicio\/cours-de-formation-continue\/","title":{"rendered":"COURS DE FORMATION CONTINUE"},"content":{"rendered":"\t\t<div data-elementor-type=\"wp-page\" data-elementor-id=\"1118\" class=\"elementor elementor-1118\">\n\t\t\t\t\t\t<section class=\"elementor-section elementor-top-section elementor-element elementor-element-b3c8123 elementor-section-full_width elementor-section-content-middle elementor-section-height-default elementor-section-height-default\" data-id=\"b3c8123\" data-element_type=\"section\" data-settings=\"{&quot;background_background&quot;:&quot;classic&quot;}\">\n\t\t\t\t\t\t\t<div class=\"elementor-background-overlay\"><\/div>\n\t\t\t\t\t\t\t<div class=\"elementor-container elementor-column-gap-default\">\n\t\t\t\t\t<div class=\"elementor-column elementor-col-100 elementor-top-column elementor-element elementor-element-da7ef80\" data-id=\"da7ef80\" data-element_type=\"column\">\n\t\t\t<div class=\"elementor-widget-wrap elementor-element-populated\">\n\t\t\t\t\t\t<div class=\"elementor-element elementor-element-f8da612 elementor-invisible elementor-widget elementor-widget-heading\" data-id=\"f8da612\" data-element_type=\"widget\" data-settings=\"{&quot;_animation&quot;:&quot;zoomIn&quot;,&quot;_animation_delay&quot;:450}\" data-widget_type=\"heading.default\">\n\t\t\t\t<div class=\"elementor-widget-container\">\n\t\t\t\t\t<h2 class=\"elementor-heading-title elementor-size-large\">COURS DE FORMATION CONTINUE<\/h2>\t\t\t\t<\/div>\n\t\t\t\t<\/div>\n\t\t\t\t<div class=\"elementor-element elementor-element-7e29c6b elementor-invisible elementor-widget elementor-widget-image\" data-id=\"7e29c6b\" data-element_type=\"widget\" data-settings=\"{&quot;_animation&quot;:&quot;zoomIn&quot;,&quot;_animation_delay&quot;:500}\" data-widget_type=\"image.default\">\n\t\t\t\t<div class=\"elementor-widget-container\">\n\t\t\t\t\t\t\t\t\t\t\t\t\t\t\t<img decoding=\"async\" width=\"200\" height=\"164\" src=\"https:\/\/www.cecal.net\/inicio\/wp-content\/uploads\/2021\/01\/r.jpg\" class=\"attachment-large size-large wp-image-300\" alt=\"\" \/>\t\t\t\t\t\t\t\t\t\t\t\t\t\t\t<\/div>\n\t\t\t\t<\/div>\n\t\t\t\t\t<\/div>\n\t\t<\/div>\n\t\t\t\t\t<\/div>\n\t\t<\/section>\n\t\t\t\t<section class=\"elementor-section elementor-top-section elementor-element elementor-element-f0316f5 elementor-section-boxed elementor-section-height-default elementor-section-height-default\" data-id=\"f0316f5\" data-element_type=\"section\">\n\t\t\t\t\t\t<div class=\"elementor-container elementor-column-gap-default\">\n\t\t\t\t\t<div class=\"elementor-column elementor-col-50 elementor-top-column elementor-element elementor-element-2cb8ee4 animated-slow elementor-invisible\" data-id=\"2cb8ee4\" data-element_type=\"column\" data-settings=\"{&quot;animation&quot;:&quot;fadeInLeft&quot;,&quot;animation_delay&quot;:450}\">\n\t\t\t<div class=\"elementor-widget-wrap elementor-element-populated\">\n\t\t\t\t\t\t<div class=\"elementor-element elementor-element-addb3ce elementor-widget elementor-widget-text-editor\" data-id=\"addb3ce\" data-element_type=\"widget\" data-widget_type=\"text-editor.default\">\n\t\t\t\t<div class=\"elementor-widget-container\">\n\t\t\t\t\t\t\t\t\t<p>\u00ab<strong>Partenaires d&#8217;Affaires en Commerce Ext\u00e9rieur<\/strong>\u00ab, dans le cadre de ses activit\u00e9s qui ont pour but l&#8217;orientation et la formation des personnes int\u00e9ress\u00e9es \u00e0 identifier les partenaires potentiels des pays de l&#8217;Am\u00e9rique Latine, pr\u00e9sente les cours de formation continue suivants :<\/p><table width=\"500\"><tbody><tr><td width=\"150\"><p>\u00a0<strong>BASE:<\/strong><\/p><\/td><td><p>Droit du commerce international<\/p><p>Financement international<\/p><\/td><\/tr><tr><td><p><strong>SPECIALISES:<\/strong><\/p><\/td><td width=\"350\"><p>Commerce et investissements au sein du MERCOSUR<\/p><p>Commerce et investissements au sein du PACTE ANDIN<\/p><p>Commerce et investissements au sein du MCCA<\/p><p>Commerce et investissements au sein du CARICOM<\/p><\/td><\/tr><tr><td><p><strong>DE LANGUES:<\/strong><\/p><\/td><td><p>Espagnol\/Portugais pour les \u00e9conomistes<\/p><p>Espagnol\/Portugais pour les juristes<\/p><\/td><\/tr><tr><td><p><strong>PRATIQUES:<\/strong><\/p><\/td><td><p>Cr\u00e9ation d&#8217;entreprises<\/p><\/td><\/tr><\/tbody><\/table><p><strong><u>Participants<\/u><\/strong><strong>:<\/strong><\/p><p>Les cours sont destin\u00e9s aux \u00e9tudiants, consultants, repr\u00e9sentants d&#8217;institutions, interess\u00e9s par le march\u00e9 latino-am\u00e9ricain.<\/p><p><strong><u>Organisation des cours<\/u><\/strong><strong>:<\/strong><\/p><p>Les diff\u00e9rents cours sont totalement ind\u00e9pendants les uns des autres. Cependant, il est recommand\u00e9 aux \u00e9tudiants de suivre au moins un cours de chaque cat\u00e9gorie afin d&#8217;acqu\u00e9rir les connaissances n\u00e9cessaires \u00e0 la r\u00e9alisation d&#8217;op\u00e9rations commerciales et financi\u00e8res avec des partenaires potentiels en Am\u00e9rique Latine.<\/p><p>Les cours (10 sessions) sont dispens\u00e9s en fran\u00e7ais ou en espagnol, et ont lieu \u00e0 Gen\u00e8ve, de 18h \u00e0 20h30. Les dates seront fix\u00e9es conjointement avec les participants. PACE se r\u00e9serve cependant le droit d&#8217;annuler les cours si le nombre de participants est insuffisant.<\/p><p><strong>\u00a0<\/strong><strong><u>Suivi de la formation<\/u><\/strong><strong>:<\/strong><\/p><p>Les participants ayant suivi 1 cours g\u00e9n\u00e9ral, 1 cours sp\u00e9cialis\u00e9, 1 cours de langues et le cours pratique de cr\u00e9ation d&#8217;entreprise pourront b\u00e9n\u00e9ficier de l&#8217;appui gratuit de PACE dans la r\u00e9alisation et l&#8217;ex\u00e9cution de leur projet, pendant les 4 mois qui suivront la fin de la formation.<\/p><p style=\"text-align: center;\"><strong>DROIT DU COMMERCE INTERNATIONAL<\/strong><\/p><p>Le droit du commerce international repose principalement sur l&#8217;exp\u00e9rience pratique, raison pour laquelle le cours va tenter de donner une vision panoramique du domaine (aspects politique, \u00e9conomique et juridique) :<\/p><p>Politique: Avec la cr\u00e9ation de l&#8217;ONU, les n\u00e9gociations bilat\u00e9rales se sont transform\u00e9es en n\u00e9gociations multilat\u00e9rales. Le Conseil Economique et Social (ECOSOC) constitue le premier forum multilat\u00e9ral. Depuis 1948, les accords du GATT ont \u00e9tabli des normes de conduite avec les diff\u00e9rents \u00abrounds de n\u00e9gociations\u00bb(Kennedy, Tokyo, Uruguay notamment). En 1964, le \u00ab groupe des 77 \u00bb, compos\u00e9 des pays du tiers-monde, a d\u00e9cid\u00e9 la cr\u00e9ation de la Conf\u00e9rence des Nations Unies pour le Commerce et le D\u00e9veloppement (CNUCED). Les forums de n\u00e9gociations se sont multipli\u00e9s et actuellement, l&#8217;OMC r\u00e9gule le commerce international dans son ensemble.<\/p><p>Economique: Les normes du commerce international sont destin\u00e9es \u00e0 r\u00e9gir la balance des paiements , i.e. \u00e0 retirer les meilleures recettes des exportations, des investisssements et des cr\u00e9dits et \u00e0 r\u00e9duire au minimum les d\u00e9penses d&#8217;importation, de paiement et de dividendes. La Balance des paiements, registre des revenus et d\u00e9penses mon\u00e9taires qu&#8217;un pays a avec ses partenaires \u00e9trangers, se compose des trois \u00e9l\u00e9ments suivants: a) les exportations et importations des biens et de services ; b) les tranferts mon\u00e9taires (donations, aide \u00e9conomique) ; c) capitaux ou r\u00e9serve d&#8217;or, incluant les investissements directs et indirects.<\/p><p>Juridique: Le \u00abDroit des gens\u00bb du droit romain et la \u00abLex Mercatoria\u00bb du Moyen-Age r\u00e9gulaient les lettres de change ou tout autre syst\u00e8me de paiement, se fondant sur la coutume. Au XX\u00e8me si\u00e8cle, Unidroit, institution italienne cr\u00e9\u00e9e en 1946, a \u00e9labor\u00e9 des projets de convention sur la vente internationale et les biens mobiliers. En 1966, s&#8217;est cr\u00e9\u00e9e la Commission des Nations Unies pour le Droit Commercial International (CNUDCI). La Chambre du Commerce International (CCI) de Paris a fourni les \u00abIncoterms\u00bb de 1953, d\u00e9finissant les termes du commerce international; des usages et des coutumes uniformes sur les cr\u00e9dits documentaires de 1974; les r\u00e8gles de conciliation et d&#8217;arbitrage.<\/p><p style=\"text-align: center;\"><strong>FINANCEMENT INTERNATIONAL<\/strong><\/p><p>Le cours couvre les aspects financier et juridique, les diverses modalit\u00e9s de coop\u00e9ration et de financement des pays exportateurs de capital. Les sources financi\u00e8res peuvent \u00eatre publiques ou priv\u00e9es, bilat\u00e9rales ou multilat\u00e9rales, etc., selon la classification choisie, permettant la r\u00e9alisation de projets d&#8217;investissement, de refinancement de la dette ou d&#8217;appui \u00e0 la Balance des paiements.<\/p><p>Le financement multilat\u00e9ral offert par le Fonds Mon\u00e9taire International (FMI), La Banque Mondiale (BM) ou la Banque Int\u00e9ram\u00e9ricaine de D\u00e9veloppement (BID), r\u00e9pond aux objectifs des accords constitutifs des institutions et aux priorit\u00e9s de leurs programmes. Le financement bilat\u00e9ral, offert dans le cadre des accords mixtes ou commerciaux, ob\u00e9it au traitement sp\u00e9cifique que les gouvernements ont \u00e9tabli dans leurs programmes de coop\u00e9ration. Le financement bancaire, individuel ou collectif, est le fruit de n\u00e9gociations r\u00e9alis\u00e9es dans le cadre de projets pr\u00e9cis de commerce ext\u00e9rieur, de transfert de techologie, entre autres.<\/p><p>Les transactions financi\u00e8res sont r\u00e9gies par des conventions internationales (accords constitutifs MIGA, Club de Paris, Club de Londres), des trait\u00e9s bilat\u00e9raux (promotion et encouragement des investissements, remboursements, l\u00e9gislation et juridiction). La l\u00e9gislation nationale (budget et financement, dispositions de la Banque Centrale) offre aux institutions publiques et priv\u00e9es, les directives g\u00e9nerales afin de r\u00e9aliser les op\u00e9rations commerciales et financi\u00e8res avec l&#8217;\u00e9tranger.<\/p><p style=\"text-align: center;\"><strong>COMMERCE ET INVESTISSEMENTS AU SEIN DU MERCOSUR<\/strong><\/p><p>Le March\u00e9 Commun des pays d&#8217;Am\u00e9rique Latine mieux connu sous le nom de \u00abMERCOSUR\u00bb est un accord r\u00e9gional \u00e0 caract\u00e8re intergouvernemental sign\u00e9 dans le cadre de l&#8217;ALADI (Association Latino-Am\u00e9ricaine d&#8217;Int\u00e9gration). Il est r\u00e9gi par le trait\u00e9 d&#8217;Asunci\u00f3n du 26 mars 1991, sign\u00e9 entre l\u00bbArgentine, le Br\u00e9sil, le Paraguay et l&#8217;Uruguay. Ce trait\u00e9 consid\u00e8re les m\u00e9canismes et les instruments utilis\u00e9s pour la cr\u00e9ation d&#8217;un march\u00e9 commun, \u00e9tablit la structure institutionnelle et d\u00e9finit les relations avec les autres membres de l&#8217;ALADI. Actuellement le Chili et la Bolivie sont consid\u00e9r\u00e9s comme des membres associ\u00e9s.<\/p><p>Le MERCOSUR est la 4\u00e8me zone \u00e9conomique mondiale et ses perspectives de croissance sont encourageantes, \u00e9tant donn\u00e9e sa strat\u00e9gie d&#8217;ouverture commerciale. Cette zone est habit\u00e9e par 200.47 millions d&#8217;habitants. Sa superficie de 12 millions de km2, est sup\u00e9rieure \u00e0 celle de la Chine. A l&#8217;exception de la Bolivie et du Paraguay, tous les pays ont un pouvoir d&#8217;achat sup\u00e9rieur \u00e0 la moyenne r\u00e9gionale. Selon la Banque Mondiale, le PNB moyen par habitant en Am\u00e9rique Latine \u00e9tait de US$ 3&#8217;300 en 1995; celui du Mercosur de US$ 4&#8217;300.<\/p><p>Au sein du Mercosur, la libre circulation des biens est \u00e9tablie depuis le mois de janvier 1995. Les \u00e9changes sont pass\u00e9 de 5&#8217;000 millions de US$ en 1990 \u00e0 17&#8217;000 millions de US$ en 1996. Tous les pays ont une agriculture forte: Br\u00e9sil (produits tropicaux, volaille, fruits, soja); Argentine (viande bovine, c\u00e9r\u00e9ales, ol\u00e9agineux); Paraguay (soja); Uruguay (viande, riz, laine). La production automotrice se concentre sur le Br\u00e9sil et l&#8217;Argentine.<\/p>\t\t\t\t\t\t\t\t<\/div>\n\t\t\t\t<\/div>\n\t\t\t\t\t<\/div>\n\t\t<\/div>\n\t\t\t\t<div class=\"elementor-column elementor-col-50 elementor-top-column elementor-element elementor-element-4800f32 animated-slow elementor-invisible\" data-id=\"4800f32\" data-element_type=\"column\" data-settings=\"{&quot;animation&quot;:&quot;fadeInRight&quot;,&quot;animation_delay&quot;:850}\">\n\t\t\t<div class=\"elementor-widget-wrap elementor-element-populated\">\n\t\t\t\t\t\t<div class=\"elementor-element elementor-element-0a4ceea elementor-widget elementor-widget-text-editor\" data-id=\"0a4ceea\" data-element_type=\"widget\" data-widget_type=\"text-editor.default\">\n\t\t\t\t<div class=\"elementor-widget-container\">\n\t\t\t\t\t\t\t\t\t<p style=\"text-align: center;\"><strong>COMMERCE ET INVESTISSEMENTS AU SEIN DU PACTE ANDIN<\/strong><\/p><p>Ce March\u00e9 Commun qui fut cr\u00e9\u00e9 en 1969, comprend la Bolivie, la Colombie, l&#8217;Equateur, le P\u00e9rou et le Venezuela et regroupe une population de 100.3 millions de personnes.<\/p><p style=\"text-align: center;\"><strong>COMMERCE ET INVESTISSEMENTS AU SEIN DU MARCHE COMMUN D&#8217;AMERIQUE CENTRALE<\/strong><\/p><p>Le March\u00e9 Commun d&#8217;Am\u00e9rique Centrale comprend le Costa Rica, le Guatemala, le Honduras, le Nicaragua et le Salvador. Il fut cr\u00e9\u00e9 en 1991. Sa population totale atteint 29,7 millions d&#8217;habitants.<\/p><p style=\"text-align: center;\"><strong>COMMERCE ET INVESTISSEMENTS AU SEIN DU CARICOM<\/strong><\/p><p>La communaut\u00e9 des Cara\u00efbes comprend Antigua et Barbudas, les Bahamas, la Barbade, Belize, Dominique, Grenade, la Guyane, la Jama\u00efque, Montserrat, Saint Kitts et Nevis, St Vincent et les Iles grenadines. Elle a \u00e9t\u00e9 cr\u00e9\u00e9 en 1972 et englobe une population de 6.3 millions de personnes.<\/p><p style=\"text-align: center;\"><strong>ESPAGNOL\/PORTUGAIS POUR LES ECONOMISTES<\/strong><\/p><p>La partie th\u00e9orique du cours est consacr\u00e9e \u00e0 l&#8217;\u00e9tude des aspects \u00e9conomique et financier utilis\u00e9s dans le cadre des transactions commerciales. Il comprend l&#8217;\u00e9tude des secteurs \u00e9conomiques (r\u00e9el, mon\u00e9taire, fiscal et externe), des variables macro\u00e9conomiques (PNB, consommation, investissement), les aspects micro\u00e9conomiques (co\u00fbts fixes, co\u00fbts variables, rendement d&#8217;\u00e9chelle, b\u00e9n\u00e9fices), de la formulation et de l&#8217;\u00e9valuation des projets (taxe interne de retour, co\u00fbt d&#8217;opportunit\u00e9), les concepts financiers (estimation des co\u00fbts, remboursement du cr\u00e9dit, taux d&#8217;int\u00e9r\u00eat).<\/p><p>La partie pratique privil\u00e9gie l&#8217;\u00e9tude de projets d&#8217;investissements, de clauses financi\u00e8res comprises dans les contrats de vente, de proposition de ren\u00e9gociation des dettes, des fonds, l&#8217;analyse des diff\u00e9rentes modalit\u00e9s de financement et la prospection du march\u00e9 international des capitaux dans le processus actuel de globalisation.<\/p><p style=\"text-align: center;\"><strong>ESPAGNOL\/PORTUGAIS POUR LES JURISTES<\/strong><\/p><p>La partie th\u00e9orique du cours est consacr\u00e9e \u00e0 l&#8217;\u00e9tude des termes des diff\u00e9rentes parties du droit: du droit constitutionnel (Etat, nation, gouvernement), du droit civil (personnes, droits r\u00e9els, famille, obligations, succession), du droit p\u00e9nal (instruction, le jugement, les peines), du droit financier (transactions financi\u00e8res) et du droit international (r\u00e8glement des conflits, arbitrage).<\/p><p>La partie pratique \u00e9tudie les contrats d&#8217;exportation\/importation, le refinancement de la dette, le financement et le cofinancement, les fonds de garantie et les transferts de technologie. Elle analysera \u00e9galement les dispositions l\u00e9gales de base des pays de l&#8217;Am\u00e9rique Latine (constitution, accords bilat\u00e9raux de commerce et autres dispositions l\u00e9gales en vigueur dans la r\u00e9alisation des op\u00e9rations commerciales et financi\u00e8res).<\/p><p style=\"text-align: center;\"><strong>CREATION D&#8217;ENTREPRISES<\/strong><\/p><p>Le cours pratique est consacr\u00e9 \u00e0 l&#8217;\u00e9tude des lignes g\u00e9n\u00e9rales du projet propos\u00e9 par le participant. Les secteurs \u00e9conomiques ne sont pas limit\u00e9s et les projets peuvent porter sur les sujets suivants: exportation\/importation, transfert de technologie, immobilier. Le pays choisi doit \u00eatre d\u00e9termin\u00e9 avant le d\u00e9but du cours. Il est possible ensuite de disposer de toute la documentation disponible sur le sujet. Les th\u00e8mes trait\u00e9s doivent aborder les aspects institutionnel, juridique et \u00e9conomique particuliers de chaque pays.<\/p><p>L&#8217;assistance est personnalis\u00e9e et inclut les \u00e9l\u00e9ments comptables, financiers et juridiques qui permettent aux participants: a) d&#8217;\u00e9laborer un \u00ab Business Plan \u00bb; b) de traiter les informations qualitatives et quantitatives du secteur \u00e9conomique choisi; c) d&#8217;\u00e9baucher une des formes d&#8217;entreprises existantes dans le pays choisi; d) de conna\u00eetre les techniques de n\u00e9gociation usuelles de la r\u00e9gion choisie. Les participants peuvent utiliser le r\u00e9seau PACE et contacter nos correspondants en Am\u00e9rique Latine afin d&#8217;\u00e9baucher les pr\u00e9misses d&#8217;une n\u00e9gociation future.<\/p>\t\t\t\t\t\t\t\t<\/div>\n\t\t\t\t<\/div>\n\t\t\t\t\t<\/div>\n\t\t<\/div>\n\t\t\t\t\t<\/div>\n\t\t<\/section>\n\t\t\t\t<\/div>\n\t\t","protected":false},"excerpt":{"rendered":"<p>COURS DE FORMATION CONTINUE \u00abPartenaires d&#8217;Affaires en Commerce Ext\u00e9rieur\u00ab, dans le cadre de ses activit\u00e9s qui ont pour but l&#8217;orientation et la formation des personnes int\u00e9ress\u00e9es \u00e0 identifier les partenaires potentiels des pays de l&#8217;Am\u00e9rique Latine, pr\u00e9sente les cours de formation continue suivants : \u00a0BASE: Droit du commerce international Financement international SPECIALISES: Commerce et investissements &hellip;<\/p>\n<p class=\"read-more\"> <a class=\"\" href=\"https:\/\/www.cecal.net\/inicio\/cours-de-formation-continue\/\"> <span class=\"screen-reader-text\">COURS DE FORMATION CONTINUE<\/span> Leer m\u00e1s &raquo;<\/a><\/p>\n","protected":false},"author":1,"featured_media":0,"parent":0,"menu_order":0,"comment_status":"closed","ping_status":"closed","template":"elementor_header_footer","meta":{"footnotes":""},"class_list":["post-1118","page","type-page","status-publish","hentry"],"_links":{"self":[{"href":"https:\/\/www.cecal.net\/inicio\/wp-json\/wp\/v2\/pages\/1118","targetHints":{"allow":["GET"]}}],"collection":[{"href":"https:\/\/www.cecal.net\/inicio\/wp-json\/wp\/v2\/pages"}],"about":[{"href":"https:\/\/www.cecal.net\/inicio\/wp-json\/wp\/v2\/types\/page"}],"author":[{"embeddable":true,"href":"https:\/\/www.cecal.net\/inicio\/wp-json\/wp\/v2\/users\/1"}],"replies":[{"embeddable":true,"href":"https:\/\/www.cecal.net\/inicio\/wp-json\/wp\/v2\/comments?post=1118"}],"version-history":[{"count":16,"href":"https:\/\/www.cecal.net\/inicio\/wp-json\/wp\/v2\/pages\/1118\/revisions"}],"predecessor-version":[{"id":1192,"href":"https:\/\/www.cecal.net\/inicio\/wp-json\/wp\/v2\/pages\/1118\/revisions\/1192"}],"wp:attachment":[{"href":"https:\/\/www.cecal.net\/inicio\/wp-json\/wp\/v2\/media?parent=1118"}],"curies":[{"name":"wp","href":"https:\/\/api.w.org\/{rel}","templated":true}]}}