{"id":636,"date":"2021-01-12T22:02:51","date_gmt":"2021-01-12T22:02:51","guid":{"rendered":"https:\/\/www.cecal.net\/inicio\/?page_id=636"},"modified":"2021-01-27T18:40:17","modified_gmt":"2021-01-27T18:40:17","slug":"cooperacion-internacional","status":"publish","type":"page","link":"https:\/\/www.cecal.net\/inicio\/cooperacion-internacional\/","title":{"rendered":"Cooperaci\u00f3n internacional"},"content":{"rendered":"\t\t<div data-elementor-type=\"wp-page\" data-elementor-id=\"636\" class=\"elementor elementor-636\">\n\t\t\t\t\t\t<section class=\"elementor-section elementor-top-section elementor-element elementor-element-0751820 elementor-section-full_width elementor-section-content-middle elementor-section-height-default elementor-section-height-default\" data-id=\"0751820\" data-element_type=\"section\" data-settings=\"{&quot;background_background&quot;:&quot;classic&quot;}\">\n\t\t\t\t\t\t\t<div class=\"elementor-background-overlay\"><\/div>\n\t\t\t\t\t\t\t<div class=\"elementor-container elementor-column-gap-default\">\n\t\t\t\t\t<div class=\"elementor-column elementor-col-100 elementor-top-column elementor-element elementor-element-f40a892\" data-id=\"f40a892\" data-element_type=\"column\">\n\t\t\t<div class=\"elementor-widget-wrap elementor-element-populated\">\n\t\t\t\t\t\t<div class=\"elementor-element elementor-element-21ffb9a elementor-invisible elementor-widget elementor-widget-heading\" data-id=\"21ffb9a\" data-element_type=\"widget\" data-settings=\"{&quot;_animation&quot;:&quot;fadeInDown&quot;,&quot;_animation_delay&quot;:300}\" data-widget_type=\"heading.default\">\n\t\t\t\t<div class=\"elementor-widget-container\">\n\t\t\t\t\t<h2 class=\"elementor-heading-title elementor-size-large\">Partenaires d\u2019Affaires en Commerce Ext\u00e9rieur\n<BR>\n(PACE)<\/h2>\t\t\t\t<\/div>\n\t\t\t\t<\/div>\n\t\t\t\t<div class=\"elementor-element elementor-element-a6e546e elementor-invisible elementor-widget elementor-widget-image\" data-id=\"a6e546e\" data-element_type=\"widget\" data-settings=\"{&quot;_animation&quot;:&quot;zoomInUp&quot;,&quot;_animation_delay&quot;:500}\" data-widget_type=\"image.default\">\n\t\t\t\t<div class=\"elementor-widget-container\">\n\t\t\t\t\t\t\t\t\t\t\t\t\t\t\t<img decoding=\"async\" width=\"200\" height=\"164\" src=\"https:\/\/www.cecal.net\/inicio\/wp-content\/uploads\/2021\/01\/r.jpg\" class=\"attachment-large size-large wp-image-300\" alt=\"\" \/>\t\t\t\t\t\t\t\t\t\t\t\t\t\t\t<\/div>\n\t\t\t\t<\/div>\n\t\t\t\t\t<\/div>\n\t\t<\/div>\n\t\t\t\t\t<\/div>\n\t\t<\/section>\n\t\t\t\t<section class=\"elementor-section elementor-top-section elementor-element elementor-element-c212082 elementor-section-boxed elementor-section-height-default elementor-section-height-default\" data-id=\"c212082\" data-element_type=\"section\">\n\t\t\t\t\t\t<div class=\"elementor-container elementor-column-gap-default\">\n\t\t\t\t\t<div class=\"elementor-column elementor-col-100 elementor-top-column elementor-element elementor-element-02d68e2\" data-id=\"02d68e2\" data-element_type=\"column\">\n\t\t\t<div class=\"elementor-widget-wrap elementor-element-populated\">\n\t\t\t\t\t\t<section class=\"elementor-section elementor-inner-section elementor-element elementor-element-8e8053d elementor-section-content-middle elementor-section-boxed elementor-section-height-default elementor-section-height-default\" data-id=\"8e8053d\" data-element_type=\"section\">\n\t\t\t\t\t\t<div class=\"elementor-container elementor-column-gap-default\">\n\t\t\t\t\t<div class=\"elementor-column elementor-col-50 elementor-inner-column elementor-element elementor-element-ccd8fa4 elementor-invisible\" data-id=\"ccd8fa4\" data-element_type=\"column\" data-settings=\"{&quot;animation&quot;:&quot;fadeInLeft&quot;,&quot;animation_delay&quot;:500}\">\n\t\t\t<div class=\"elementor-widget-wrap elementor-element-populated\">\n\t\t\t\t\t\t<div class=\"elementor-element elementor-element-f0d4856 elementor-widget elementor-widget-accordion\" data-id=\"f0d4856\" data-element_type=\"widget\" data-widget_type=\"accordion.default\">\n\t\t\t\t<div class=\"elementor-widget-container\">\n\t\t\t\t\t\t\t<div class=\"elementor-accordion\">\n\t\t\t\t\t\t\t<div class=\"elementor-accordion-item\">\n\t\t\t\t\t<div id=\"elementor-tab-title-2521\" class=\"elementor-tab-title\" data-tab=\"1\" role=\"button\" aria-controls=\"elementor-tab-content-2521\" aria-expanded=\"false\">\n\t\t\t\t\t\t\t\t\t\t\t\t\t<span class=\"elementor-accordion-icon elementor-accordion-icon-right\" aria-hidden=\"true\">\n\t\t\t\t\t\t\t\t\t\t\t\t\t\t\t<span class=\"elementor-accordion-icon-closed\"><i class=\"far fa-arrow-alt-circle-right\"><\/i><\/span>\n\t\t\t\t\t\t\t\t<span class=\"elementor-accordion-icon-opened\"><i class=\"far fa-arrow-alt-circle-right\"><\/i><\/span>\n\t\t\t\t\t\t\t\t\t\t\t\t\t\t<\/span>\n\t\t\t\t\t\t\t\t\t\t\t\t<a class=\"elementor-accordion-title\" tabindex=\"0\">ACCORDS DE COOP\u00c9RATION<\/a>\n\t\t\t\t\t<\/div>\n\t\t\t\t\t<div id=\"elementor-tab-content-2521\" class=\"elementor-tab-content elementor-clearfix\" data-tab=\"1\" role=\"region\" aria-labelledby=\"elementor-tab-title-2521\"><p><strong>PRESENTATION<\/strong><br \/>L\u2019expansion du commerce ext\u00e9rieur, principalement des petites et moyennes entreprises, peut<br \/>s\u2019effectuer par l\u2019interm\u00e9diaire d\u2019un catalyseur. Il s\u2019agit d\u2019un r\u00e9seau qui permet de localiser<br \/>des op\u00e9rations commerciales avec des partenaires pr\u00e9alablement s\u00e9lectionn\u00e9s dans d\u2019autres<br \/>continents.<\/p><p><strong>L\u2019ESSENCE DE PACE<\/strong><br \/>PACE est le r\u00e9seau fournissant aux entreprises europ\u00e9ennes des donn\u00e9es de partenaires<br \/>commerciaux \u00e0 l\u2019\u00e9tranger. Avec PACE, nous vous proposons des services pr\u00e9cis\u00a0: l\u2019offre de<br \/>produit, les conseils sur place, les recommandations, les voyages d\u2019affaires, etc.<\/p><p><strong>COMMENT\u00a0?<\/strong><br \/>PACE r\u00e9unit les institutions publiques et priv\u00e9es d\u00e9sirant d\u00e9velopper des activit\u00e9s<br \/>commerciales ponctuelles \u00e0 l\u2019\u00e9tranger. L\u2019\u00e9laboration, la n\u00e9gociation et l\u2019ex\u00e9cution des projets<br \/>peuvent se r\u00e9aliser de fa\u00e7on graduelle et s\u00e9lective.<br \/>PACE fournit une information \u00e9conomique compl\u00e8te sur les projets et programmes r\u00e9alis\u00e9s \u00e0<br \/>l\u2019\u00e9tranger (appels d\u2019offres internationaux, secteurs soumis aux processus de privatisations,<br \/>etc.).<br \/>PACE aide \u00e0 l\u2019identification des partenaires potentiels et \u00e0 la r\u00e9alisation des projets<br \/>conjointement avec les membres du r\u00e9seau. Les informations trait\u00e9es permettent d\u2019amorcer<br \/>des n\u00e9gociations. Le r\u00f4le de PACE peut \u00eatre consid\u00e9r\u00e9 comme une application sur le terrain et<br \/>une assistance \u00e0 l\u2019import\/export, en facilitant la promotion d\u2019entreprises \u00e0 travers des contacts<br \/>avec des organismes officiels \u00e9trangers.<\/p><p><strong>LE CHOIX DE LA SUISSE\u00a0?<\/strong><\/p><p>Il existe \u00e0 Gen\u00e8ve la synergie \u00a0\u00a0internationale n\u00e9cessaire pour mener \u00e0 bien ce r\u00e9seau. PACE<br \/>maintient les contacts avec les organisations internationales telles que l\u2019Organisation<br \/>Mondiale du Commerce\u00a0(OMC), la\u00a0Commission des Nations Unies pour le Commerce et<br \/>le D\u00e9veloppement\u00a0(CNUCED), le\u00a0Centre du Commerce International\u00a0(CCI) et d\u2019autres<br \/>institutions officielles en Suisse li\u00e9es au commerce ext\u00e9rieur.<\/p><p><img fetchpriority=\"high\" decoding=\"async\" class=\"alignnone size-medium\" src=\"http:\/\/cms.cecal.net\/sites\/default\/files\/690276074-drapeau-suisse-flotter-battre-des-ailes-croix-idea.jpg\" width=\"960\" height=\"540\" \/><\/p><p>PACE travaille \u00e9troitement avec les ambassades, missions et consulats \u00e9trangers en Suisse et<br \/>recrute les futurs partenaires \u00e9trangers. PACE se propose, en outre de collaborer avec d\u2019autres<br \/>r\u00e9seaux internationaux, tels que \u00ab\u00a0Trade Point\u00a0\u00bb de la CNUCED, ainsi que certains r\u00e9seaux<br \/>europ\u00e9ens (AL-Invest, ECIP, Programme Bolivar, etc.).<\/p><p><img decoding=\"async\" class=\"alignnone size-medium\" src=\"http:\/\/cms.cecal.net\/sites\/default\/files\/medium_onu.jpg\" width=\"120\" height=\"120\" \/><\/p><p>Les bureaux de PACE sont \u00e0 la rue du Cendrier, au c\u0153ur de Gen\u00e8ve. Limmeuble, de style<br \/>n\u00e9o-classique, dispose dinstallations modernes et spacieuses. Enfin, la vue sur le lac L\u00e9man<br \/>constitue un atout de charme.<\/p><p><img loading=\"lazy\" decoding=\"async\" class=\"alignnone size-medium\" src=\"http:\/\/cms.cecal.net\/sites\/default\/files\/geneve.jpg\" width=\"800\" height=\"466\" \/><\/p><p><strong>PRINCIPES PACE<\/strong><\/p><p><strong>Pertinence:\u00a0<\/strong> \u00a0Dans le partenariat s\u00e9lectionn\u00e9. Les membres du r\u00e9seau adaptent leur savoir- faire \u00e0 des projets pr\u00e9cis d\u2019int\u00e9r\u00eat commun.<\/p><p><strong>Autonomie:<\/strong>\u00a0 \u00a0De toutes ses actions. PACE est libre d\u2019adopter tout accord pour r\u00e9aliser ses objectifs.<\/p><p><strong>Confidentialit\u00e9<\/strong> :\u00a0 De toutes les informations et discr\u00e9tion dans les \u00e9changes commerciaux et de coop\u00e9ration.<\/p><p><strong>Exp\u00e9rience:<\/strong>\u00a0 Des associations, des consultants, des entreprises, des institutions financi\u00e8res associ\u00e9es qui consacrent leurs activit\u00e9s au d\u00e9veloppement des relations \u00e9conomiques.<\/p><p><strong>PACE<\/strong>\u00a0est un r\u00e9seau international dont le si\u00e8ge ex\u00e9cutif se trouve \u00e0 Gen\u00e8ve et qui regroupe<br \/>des professionnels de l\u2019\u00e9conomie, de la finance et des relations internationales.<br \/><strong>PACE<\/strong>\u00a0est un programme \u00e9labor\u00e9 dans le cadre du Centre d\u2019Echanges et Coop\u00e9ration pour<br \/>l\u2019Am\u00e9rique Latine (CECAL) et consid\u00e8re le partenariat avec tous les pays.<\/p><p><strong>PACE<\/strong>\u00a0permet \u00e0 ses membres\u00a0:<br \/>* d\u2019acc\u00e9der \u00e0 un instrument de promotion de leurs outils et produits destin\u00e9s aux<br \/>march\u00e9s \u00e9trangers.<br \/>* de s\u00e9lectionner leurs partenaires dans un secteur pr\u00e9alablement cibl\u00e9 en fonction des<br \/>caract\u00e9ristiques particuli\u00e8res \u00e0 chaque entreprise.<br \/>* d\u2019acc\u00e9der \u00e0 des institutions officielles \u00e9trang\u00e8res et de conna\u00eetre les \u00e9volutions du<br \/>march\u00e9 vis\u00e9 en disposant d\u2019informations \u00e9conomiques et l\u00e9gislatives actualis\u00e9es.<br \/>* de pr\u00e9voir diff\u00e9rentes possibilit\u00e9s pour traiter des affaires en \u00e9valuant les diff\u00e9rentes<br \/>caract\u00e9ristiques culturelles des partenaires commerciaux.<\/p><\/div>\n\t\t\t\t<\/div>\n\t\t\t\t\t\t\t\t<\/div>\n\t\t\t\t\t\t<\/div>\n\t\t\t\t<\/div>\n\t\t\t\t\t<\/div>\n\t\t<\/div>\n\t\t\t\t<div class=\"elementor-column elementor-col-50 elementor-inner-column elementor-element elementor-element-be22970 elementor-invisible\" data-id=\"be22970\" data-element_type=\"column\" data-settings=\"{&quot;animation&quot;:&quot;fadeInRight&quot;,&quot;animation_delay&quot;:1500}\">\n\t\t\t<div class=\"elementor-widget-wrap elementor-element-populated\">\n\t\t\t\t\t\t<div class=\"elementor-element elementor-element-e4fe915 elementor-widget elementor-widget-accordion\" data-id=\"e4fe915\" data-element_type=\"widget\" data-widget_type=\"accordion.default\">\n\t\t\t\t<div class=\"elementor-widget-container\">\n\t\t\t\t\t\t\t<div class=\"elementor-accordion\">\n\t\t\t\t\t\t\t<div class=\"elementor-accordion-item\">\n\t\t\t\t\t<div id=\"elementor-tab-title-2401\" class=\"elementor-tab-title\" data-tab=\"1\" role=\"button\" aria-controls=\"elementor-tab-content-2401\" aria-expanded=\"false\">\n\t\t\t\t\t\t\t\t\t\t\t\t\t<span class=\"elementor-accordion-icon elementor-accordion-icon-right\" aria-hidden=\"true\">\n\t\t\t\t\t\t\t\t\t\t\t\t\t\t\t<span class=\"elementor-accordion-icon-closed\"><i class=\"far fa-arrow-alt-circle-right\"><\/i><\/span>\n\t\t\t\t\t\t\t\t<span class=\"elementor-accordion-icon-opened\"><i class=\"far fa-arrow-alt-circle-right\"><\/i><\/span>\n\t\t\t\t\t\t\t\t\t\t\t\t\t\t<\/span>\n\t\t\t\t\t\t\t\t\t\t\t\t<a class=\"elementor-accordion-title\" tabindex=\"0\">LANCEMENT DE PRODUITS AU SEIN DE PACE<\/a>\n\t\t\t\t\t<\/div>\n\t\t\t\t\t<div id=\"elementor-tab-content-2401\" class=\"elementor-tab-content elementor-clearfix\" data-tab=\"1\" role=\"region\" aria-labelledby=\"elementor-tab-title-2401\"><p><strong>ETAPES NECESSAIRES A LA RECHERCHE D\u2019UN DISTRIBUTEUR<\/strong><\/p><p>1\u00a0Le march\u00e9 existe, et nous s\u00e9lectionnons les opportunit\u00e9s d\u2019affaires par le biais de notre<br \/>r\u00e9seau\u00a0 de correspondants de diff\u00e9rents pays d\u2019Am\u00e9rique Latine.<br \/>2\u00a0Nous r\u00e9alisons une \u00e9tude de march\u00e9 pour votre produit, en travaillant sur le pays CIBLE<br \/>ainsi que sur deux pays secondaires.<br \/>3\u00a0Recherche et localisation des distributeurs potentiels.<br \/>4\u00a0Cr\u00e9ation d\u2019une documentation adapt\u00e9e en fran\u00e7ais, espagnol, portugais ou anglais.<br \/>5\u00a0Envoi d\u2019un mailing sp\u00e9cifique.<br \/>6\u00a0Relance syst\u00e9matique (par t\u00e9l\u00e9phone, fax ou courrier \u00e9lectronique).<br \/>7\u00a0Possibilit\u00e9 de revoir l\u2019offre (produit, prix, etc.) si n\u00e9cessaire.<br \/>8\u00a0Remise d\u2019une proposition d\u00e9finitive.<br \/>9\u00a0Pr\u00e9paration de la rencontre sur le terrain.<br \/>10\u00a0Assistance de notre r\u00e9seau pour la mission de l\u2019entreprise sur place.<br \/>11\u00a0S\u00e9lection d\u2019un correspondant, soit distributeur, soit importateur.<br \/>12\u00a0Suivi apr\u00e8s la mission (avancement du contrat).<br \/>13\u00a0En amont mise en place des diff\u00e9rents syst\u00e8mes d\u2019aides.<\/p><p><strong>FINANCEMENT<\/strong><\/p><p>PACE se finance avec la participation de tous les \u00ab partenaires du r\u00e9seau \u00bb. Ces contributions<br \/>permettent de r\u00e9aliser les fonctions de base. Les frais qui normalement incombent aux<br \/>op\u00e9rateurs, sont, dans ce cas, inf\u00e9rieurs \u00e0 ceux du march\u00e9.<\/p><p><strong>SERVICES DE BASE AUX PARTENAIRES<\/strong><\/p><p>PACE est avant tout un r\u00e9seau de projets commerciaux et financiers en Suisse et \u00e0 l\u2019\u00e9tranger. Cela couvre\u00a0:<\/p><ul><li>la diffusion des offres\/demandes\u00a0: recherche de distributeurs, d\u2019emplois, de stages, de formations, etc. dans \u00abLa Bourse de projets et de financements\u00bb et sur le\u00a0<u>http:\/\/www.cecal.net<\/u><\/li><\/ul><ul><li>divers services (informations ponctuelles concernant la fiscalit\u00e9 et les divers aspects commerciaux et l\u00e9gaux, invitations \u00e0 des conf\u00e9rences, colloques),<\/li><\/ul><ul><li>l\u2019information sur de nouveaux projets et leurs possibilit\u00e9s de financement,<\/li><\/ul><ul><li>l\u2019assistance aupr\u00e8s de nos partenaires publics et priv\u00e9s,<\/li><\/ul><ul><li>la \u00abRevue PACE\u00bb mise \u00e0 jour sur notre site Internet\u00a0<u>http:\/\/www.cecal.net<\/u>,<\/li><\/ul><ul><li>nos installations pour vos rencontres d&#8217;affaires et repr\u00e9sentations,<\/li><\/ul><ul><li>l\u2019acc\u00e8s \u00e0 nos services compl\u00e9mentaires \u00e0 des conditions pr\u00e9f\u00e9rentielles.<\/li><\/ul><p><strong><em>SERVICES COMPLEMENTAIRES A DISPOSITION DES PARTENAIRES<\/em><\/strong><\/p><p>Les partenaires de PACE ont la possibilit\u00e9 de participer \u00e0 divers projets ou programmes r\u00e9alis\u00e9s<br \/>\u00e0 l\u2019int\u00e9rieur du r\u00e9seau, tels que\u00a0:<\/p><ul><li>l\u2019identification de partenaires potentiels s\u00e9lectionn\u00e9s par secteur d\u2019activit\u00e9,<\/li><\/ul><ul><li>la recherche relative aux affaires commerciales, financi\u00e8res ou juridiques des pays de pr\u00e9dilection des entreprises,<\/li><\/ul><ul><li>l\u2019\u00e9tude de march\u00e9s (import\/export),<\/li><\/ul><ul><li>l\u2019assistance dans les divers financements internationaux\u00a0:<\/li><\/ul><p>&#8211; organismes multilat\u00e9raux (BID\/Banque Mondiale)<\/p><p>&#8211; cr\u00e9dits \u00e0 l\u2019exportation (cadres, importation, exportation)<\/p><p>&#8211; syst\u00e8me AL-INVEST, ECIP, etc.<\/p><ul><li>l\u2019organisation d\u2019\u00e9v\u00e9nements (conf\u00e9rences, s\u00e9minaires, rencontres professionnelles,<br \/>salons professionnels, voyages d\u2019affaires),<\/li><\/ul><ul><li>la repr\u00e9sentation aupr\u00e8s d\u2019organismes financiers, d\u2019entreprises, d\u2019organisations internationales,<\/li><\/ul><ul><li>des publications en diff\u00e9rentes langues,<\/li><\/ul><ul><li>la publicit\u00e9 dans des journaux et magazines sp\u00e9cialis\u00e9s,<\/li><\/ul><ul><li>le contact avec des avocats d\u2019affaires sp\u00e9cialis\u00e9s dans la mise en place d\u2019accords technologiques et commerciaux sur la zone.<\/li><\/ul><p><strong><em>Si vous vous int\u00e9ressez \u00e0 nos services pour\u00a0:<\/em><\/strong><\/p><ul><li>rechercher des partenaires pour des projets commerciaux d\u2019import\/export,<\/li><\/ul><ul><li>annoncer un emploi ou un produit,<\/li><\/ul><ul><li>pr\u00e9senter des solutions techniques, financi\u00e8res ou juridiques, etc.,<br \/>aussi bien en Europe qu\u2019\u00e0 l\u2019\u00e9tranger,<\/li><\/ul><ul><li>avoir une repr\u00e9sentation en Suisse,<\/li><\/ul><ul><li>\u00eatre notre correspondant.<\/li><\/ul><p>Veuillez nous contacter \u00e0\u00a0:<\/p><p><strong>PARTENAIRES D\u2019AFFAIRES EN COMMERCE EXTERIEUR (PACE)<\/strong><\/p><p>12-14 Rue du Cendrier &#8211; 1204 Gen\u00e8ve &#8211; Suisse<\/p><p>Correspondance: P.O Box 1229<\/p><p>T\u00e9l\u00e9phone ++41 022 &#8211; 320 35 56 \u2013 Fax ++ 41 022- 329 29 05<\/p><\/div>\n\t\t\t\t<\/div>\n\t\t\t\t\t\t\t\t<\/div>\n\t\t\t\t\t\t<\/div>\n\t\t\t\t<\/div>\n\t\t\t\t\t<\/div>\n\t\t<\/div>\n\t\t\t\t\t<\/div>\n\t\t<\/section>\n\t\t\t\t\t<\/div>\n\t\t<\/div>\n\t\t\t\t\t<\/div>\n\t\t<\/section>\n\t\t\t\t<\/div>\n\t\t","protected":false},"excerpt":{"rendered":"<p>Partenaires d\u2019Affaires en Commerce Ext\u00e9rieur (PACE) ACCORDS DE COOP\u00c9RATION PRESENTATIONL\u2019expansion du commerce ext\u00e9rieur, principalement des petites et moyennes entreprises, peuts\u2019effectuer par l\u2019interm\u00e9diaire d\u2019un catalyseur. Il s\u2019agit d\u2019un r\u00e9seau qui permet de localiserdes op\u00e9rations commerciales avec des partenaires pr\u00e9alablement s\u00e9lectionn\u00e9s dans d\u2019autrescontinents. L\u2019ESSENCE DE PACEPACE est le r\u00e9seau fournissant aux entreprises europ\u00e9ennes des donn\u00e9es de partenairescommerciaux &hellip;<\/p>\n<p class=\"read-more\"> <a class=\"\" href=\"https:\/\/www.cecal.net\/inicio\/cooperacion-internacional\/\"> <span class=\"screen-reader-text\">Cooperaci\u00f3n internacional<\/span> Leer m\u00e1s &raquo;<\/a><\/p>\n","protected":false},"author":1,"featured_media":0,"parent":0,"menu_order":0,"comment_status":"closed","ping_status":"closed","template":"elementor_header_footer","meta":{"footnotes":""},"class_list":["post-636","page","type-page","status-publish","hentry"],"_links":{"self":[{"href":"https:\/\/www.cecal.net\/inicio\/wp-json\/wp\/v2\/pages\/636","targetHints":{"allow":["GET"]}}],"collection":[{"href":"https:\/\/www.cecal.net\/inicio\/wp-json\/wp\/v2\/pages"}],"about":[{"href":"https:\/\/www.cecal.net\/inicio\/wp-json\/wp\/v2\/types\/page"}],"author":[{"embeddable":true,"href":"https:\/\/www.cecal.net\/inicio\/wp-json\/wp\/v2\/users\/1"}],"replies":[{"embeddable":true,"href":"https:\/\/www.cecal.net\/inicio\/wp-json\/wp\/v2\/comments?post=636"}],"version-history":[{"count":47,"href":"https:\/\/www.cecal.net\/inicio\/wp-json\/wp\/v2\/pages\/636\/revisions"}],"predecessor-version":[{"id":1325,"href":"https:\/\/www.cecal.net\/inicio\/wp-json\/wp\/v2\/pages\/636\/revisions\/1325"}],"wp:attachment":[{"href":"https:\/\/www.cecal.net\/inicio\/wp-json\/wp\/v2\/media?parent=636"}],"curies":[{"name":"wp","href":"https:\/\/api.w.org\/{rel}","templated":true}]}}